{"id":20027,"date":"2025-03-19T20:47:57","date_gmt":"2025-03-19T18:47:57","guid":{"rendered":"https:\/\/no1.rs\/?page_id=20027"},"modified":"2025-05-28T15:47:19","modified_gmt":"2025-05-28T13:47:19","slug":"portfolio-projekata","status":"publish","type":"page","link":"https:\/\/no1.rs\/en\/portfolio-projekata\/","title":{"rendered":"Portfolio"},"content":{"rendered":"<div data-elementor-type=\"wp-page\" data-elementor-id=\"20027\" class=\"elementor elementor-20027\">\n\t\t\t\t\t\t<section class=\"elementor-section elementor-top-section elementor-element elementor-element-0d68b6d elementor-section-boxed elementor-section-height-default elementor-section-height-default sc_fly_static\" data-id=\"0d68b6d\" data-element_type=\"section\" data-e-type=\"section\">\n\t\t\t\t\t\t<div class=\"elementor-container elementor-column-gap-extended\">\n\t\t\t\t\t<div class=\"elementor-column elementor-col-100 elementor-top-column elementor-element elementor-element-102353a sc_content_align_inherit sc_layouts_column_icons_position_left sc_fly_static\" data-id=\"102353a\" data-element_type=\"column\" data-e-type=\"column\">\n\t\t\t<div class=\"elementor-widget-wrap elementor-element-populated\">\n\t\t\t\t\t\t<div class=\"elementor-element elementor-element-99a8e2d sc_fly_static elementor-widget elementor-widget-trx_sc_portfolio\" data-id=\"99a8e2d\" data-element_type=\"widget\" data-e-type=\"widget\" data-widget_type=\"trx_sc_portfolio.default\">\n\t\t\t\t<div class=\"elementor-widget-container\">\n\t\t\t\t\t<div \t\tclass=\"sc_portfolio sc_portfolio_qw-board\"><div class=\"sc_portfolio_columns_wrap sc_item_columns sc_item_posts_container trx_addons_columns_wrap columns_padding_bottom grid_wrap_8\"><div class=\"trx_addons_column-1_3\"><div data-post-id=\"18571\" class=\"sc_portfolio_item sc_item_container post_container\">\n\t<div class=\"post_featured with_thumb hover_info sc_portfolio_item_thumb post_featured_bg\"><span class=\"post_thumb post_thumb_bg bg_in fortius_inline_242775663\"><\/span>\t\t\t\t\t\t<div class=\"mask\"><\/div>\n\t\t\t\t\t\t<a href=\"https:\/\/no1.rs\/en\/portfolio\/golmanizacija-2020-sc-rajevac\/\"><\/a><div class=\"post_info\"><div class=\"post_meta post_meta_categories\"><span class=\"post_meta_item post_categories cat_sep\"><a href=\"https:\/\/no1.rs\/en\/portfolio_group\/projekti\/\" title=\"View all posts in Projekti\">Projekti<\/a><\/span><\/div><h5 class=\"post_title\"><a href=\"https:\/\/no1.rs\/en\/portfolio\/golmanizacija-2020-sc-rajevac\/\">Golmanizacija 2020, SC Rajevac<\/a><\/h5><\/div><\/div>\t\n<\/div><\/div><div class=\"trx_addons_column-1_3\"><div data-post-id=\"18575\" class=\"sc_portfolio_item sc_item_container post_container\">\n\t<div class=\"post_featured with_thumb hover_info sc_portfolio_item_thumb post_featured_bg\"><span class=\"post_thumb post_thumb_bg bg_in fortius_inline_1307487421\"><\/span>\t\t\t\t\t\t<div class=\"mask\"><\/div>\n\t\t\t\t\t\t<a href=\"https:\/\/no1.rs\/en\/portfolio\/golmansko-takmicenje-cacak-2021\/\"><\/a><div class=\"post_info\"><div class=\"post_meta post_meta_categories\"><span class=\"post_meta_item post_categories cat_sep\"><a href=\"https:\/\/no1.rs\/en\/portfolio_group\/projekti\/\" title=\"View all posts in Projekti\">Projekti<\/a><\/span><\/div><h5 class=\"post_title\"><a href=\"https:\/\/no1.rs\/en\/portfolio\/golmansko-takmicenje-cacak-2021\/\">Golmansko takmi\u010denje, \u010ca\u010dak 2021<\/a><\/h5><\/div><\/div>\t\n<\/div><\/div><div class=\"trx_addons_column-1_3\"><div data-post-id=\"18573\" class=\"sc_portfolio_item sc_item_container post_container\">\n\t<div class=\"post_featured with_thumb hover_info sc_portfolio_item_thumb post_featured_bg\"><span class=\"post_thumb post_thumb_bg bg_in fortius_inline_962278341\"><\/span>\t\t\t\t\t\t<div class=\"mask\"><\/div>\n\t\t\t\t\t\t<a href=\"https:\/\/no1.rs\/en\/portfolio\/golmanizacija-visegrad-2021\/\"><\/a><div class=\"post_info\"><div class=\"post_meta post_meta_categories\"><span class=\"post_meta_item post_categories cat_sep\"><a href=\"https:\/\/no1.rs\/en\/portfolio_group\/projekti\/\" title=\"View all posts in Projekti\">Projekti<\/a><\/span><\/div><h5 class=\"post_title\"><a href=\"https:\/\/no1.rs\/en\/portfolio\/golmanizacija-visegrad-2021\/\">Golmanizacija, Vi\u0161egrad 2021<\/a><\/h5><\/div><\/div>\t\n<\/div><\/div><div class=\"trx_addons_column-1_3\"><div data-post-id=\"18569\" class=\"sc_portfolio_item sc_item_container post_container\">\n\t<div class=\"post_featured with_thumb hover_info sc_portfolio_item_thumb post_featured_bg\"><span class=\"post_thumb post_thumb_bg bg_in fortius_inline_34362581\"><\/span>\t\t\t\t\t\t<div class=\"mask\"><\/div>\n\t\t\t\t\t\t<a href=\"https:\/\/no1.rs\/en\/portfolio\/golmanizacija-brzece\/\"><\/a><div class=\"post_info\"><div class=\"post_meta post_meta_categories\"><span class=\"post_meta_item post_categories cat_sep\"><a href=\"https:\/\/no1.rs\/en\/portfolio_group\/projekti\/\" title=\"View all posts in Projekti\">Projekti<\/a><\/span><\/div><h5 class=\"post_title\"><a href=\"https:\/\/no1.rs\/en\/portfolio\/golmanizacija-brzece\/\">Golmanizacija, Brze\u0107e 2023<\/a><\/h5><\/div><\/div>\t\n<\/div><\/div><div class=\"trx_addons_column-1_3\"><div data-post-id=\"19456\" class=\"sc_portfolio_item sc_item_container post_container\">\n\t<div class=\"post_featured with_thumb hover_info sc_portfolio_item_thumb post_featured_bg\"><span class=\"post_thumb post_thumb_bg bg_in fortius_inline_1958488001\"><\/span>\t\t\t\t\t\t<div class=\"mask\"><\/div>\n\t\t\t\t\t\t<a href=\"https:\/\/no1.rs\/en\/portfolio\/veliki-golmanski-kamp-kopaonik-2024\/\"><\/a><div class=\"post_info\"><div class=\"post_meta post_meta_categories\"><span class=\"post_meta_item post_categories cat_sep\"><a href=\"https:\/\/no1.rs\/en\/portfolio_group\/projekti\/\" title=\"View all posts in Projekti\">Projekti<\/a><\/span><\/div><h5 class=\"post_title\"><a href=\"https:\/\/no1.rs\/en\/portfolio\/veliki-golmanski-kamp-kopaonik-2024\/\">Veliki golmanski kamp, Kopaonik 2024<\/a><\/h5><\/div><\/div>\t\n<\/div><\/div><div class=\"trx_addons_column-1_3\"><div data-post-id=\"19457\" class=\"sc_portfolio_item sc_item_container post_container\">\n\t<div class=\"post_featured with_thumb hover_info sc_portfolio_item_thumb post_featured_bg\"><span class=\"post_thumb post_thumb_bg bg_in fortius_inline_624572174\"><\/span>\t\t\t\t\t\t<div class=\"mask\"><\/div>\n\t\t\t\t\t\t<a href=\"https:\/\/no1.rs\/en\/portfolio\/golmansko-takmicenje-budi-no-1-cacak-2025\/\"><\/a><div class=\"post_info\"><div class=\"post_meta post_meta_categories\"><span class=\"post_meta_item post_categories cat_sep\"><a href=\"https:\/\/no1.rs\/en\/portfolio_group\/projekti\/\" title=\"View all posts in Projekti\">Projekti<\/a><\/span><\/div><h5 class=\"post_title\"><a href=\"https:\/\/no1.rs\/en\/portfolio\/golmansko-takmicenje-budi-no-1-cacak-2025\/\">Golmansko takmi\u010denje Budi No.1, Ca\u010dak 2025<\/a><\/h5><\/div><\/div>\t\n<\/div><\/div><div class=\"trx_addons_column-1_3\"><div data-post-id=\"20260\" class=\"sc_portfolio_item sc_item_container post_container\">\n\t<div class=\"post_featured with_thumb hover_info sc_portfolio_item_thumb post_featured_bg\"><span class=\"post_thumb post_thumb_bg bg_in fortius_inline_1795480408\"><\/span>\t\t\t\t\t\t<div class=\"mask\"><\/div>\n\t\t\t\t\t\t<a href=\"https:\/\/no1.rs\/en\/portfolio\/letnje-golmansko-takmicenje-budi-no-1-cacak-2025\/\"><\/a><div class=\"post_info\"><div class=\"post_meta post_meta_categories\"><span class=\"post_meta_item post_categories cat_sep\"><a href=\"https:\/\/no1.rs\/en\/portfolio_group\/projekti\/\" title=\"View all posts in Projekti\">Projekti<\/a><\/span><\/div><h5 class=\"post_title\"><a href=\"https:\/\/no1.rs\/en\/portfolio\/letnje-golmansko-takmicenje-budi-no-1-cacak-2025\/\">Letnje golmansko takmi\u010denje Budi No.1, \u010ca\u010dak 2025<\/a><\/h5><\/div><\/div>\t\n<\/div><\/div><div class=\"trx_addons_column-1_3\"><div data-post-id=\"20366\" class=\"sc_portfolio_item sc_item_container post_container\">\n\t<div class=\"post_featured with_thumb hover_info sc_portfolio_item_thumb post_featured_bg\"><span class=\"post_thumb post_thumb_bg bg_in fortius_inline_1617114497\"><\/span>\t\t\t\t\t\t<div class=\"mask\"><\/div>\n\t\t\t\t\t\t<a href=\"https:\/\/no1.rs\/en\/portfolio\/golmanizacija-gornji-milanovac-2025\/\"><\/a><div class=\"post_info\"><div class=\"post_meta post_meta_categories\"><span class=\"post_meta_item post_categories cat_sep\"><a href=\"https:\/\/no1.rs\/en\/portfolio_group\/projekti\/\" title=\"View all posts in Projekti\">Projekti<\/a><\/span><\/div><h5 class=\"post_title\"><a href=\"https:\/\/no1.rs\/en\/portfolio\/golmanizacija-gornji-milanovac-2025\/\">Golmanizacija, Gornji Milanovac 2025<\/a><\/h5><\/div><\/div>\t\n<\/div><\/div><\/div><\/div>\t\t\t\t<\/div>\n\t\t\t\t<\/div>\n\t\t\t\t\t<\/div>\n\t\t<\/div>\n\t\t\t\t\t<\/div>\n\t\t<\/section>\n\t\t\t\t<\/div>","protected":false},"excerpt":{"rendered":"<p>Projekti Golmanizacija 2020, SC Rajevac Projekti Golmansko takmi\u010denje, \u010ca\u010dak 2021 Projekti Golmanizacija, Vi\u0161egrad 2021 Projekti&hellip;<\/p>","protected":false},"author":1,"featured_media":0,"parent":0,"menu_order":0,"comment_status":"closed","ping_status":"closed","template":"","meta":{"footnotes":""},"class_list":["post-20027","page","type-page","status-publish","hentry"],"_links":{"self":[{"href":"https:\/\/no1.rs\/en\/wp-json\/wp\/v2\/pages\/20027","targetHints":{"allow":["GET"]}}],"collection":[{"href":"https:\/\/no1.rs\/en\/wp-json\/wp\/v2\/pages"}],"about":[{"href":"https:\/\/no1.rs\/en\/wp-json\/wp\/v2\/types\/page"}],"author":[{"embeddable":true,"href":"https:\/\/no1.rs\/en\/wp-json\/wp\/v2\/users\/1"}],"replies":[{"embeddable":true,"href":"https:\/\/no1.rs\/en\/wp-json\/wp\/v2\/comments?post=20027"}],"version-history":[{"count":0,"href":"https:\/\/no1.rs\/en\/wp-json\/wp\/v2\/pages\/20027\/revisions"}],"wp:attachment":[{"href":"https:\/\/no1.rs\/en\/wp-json\/wp\/v2\/media?parent=20027"}],"curies":[{"name":"wp","href":"https:\/\/api.w.org\/{rel}","templated":true}]}}